{"id":1721,"date":"2023-07-12T10:38:06","date_gmt":"2023-07-12T10:38:06","guid":{"rendered":"https:\/\/www.uocshop.com\/producte\/bodi-la-uoc-para-bebe\/"},"modified":"2025-02-11T08:04:02","modified_gmt":"2025-02-11T08:04:02","slug":"bodi-bebe-la-uoc","status":"publish","type":"product","link":"https:\/\/www.uocshop.com\/es\/producte\/bodi-bebe-la-uoc\/","title":{"rendered":"Body para beb\u00e9s"},"content":{"rendered":"<p>Body para beb\u00e9s de nueve meses con dise\u00f1o exclusivo de la UOC. Ligero, adaptable y extremadamente c\u00f3modo. Cierre con tres botones de presi\u00f3n en la entrepierna. Cuello redondo con dos botones a presi\u00f3n sobre un hombro. Acabado de canal\u00e9 en el cuello y los bajos.<\/p>\n<p><strong>Composici\u00f3n:<\/strong> 100 % algod\u00f3n.<br \/>\n<strong>Talla<\/strong>: nueve meses.<\/p>\n<p><img decoding=\"async\" class=\"wp-image-14832 alignleft\" src=\"http:\/\/upc-shop.com\/wp-content\/uploads\/2023\/06\/icono-oetko-grey-1-300x106.png\" alt=\"\" width=\"84\" height=\"30\" \/><\/p>\n","protected":false},"excerpt":{"rendered":"<p>Bodi para beb\u00e9s de nueve meses con dise\u00f1o exclusivo de la UOC. Ligero, adaptable y extremadamente c\u00f3modo. Cierre con tres botones de presi\u00f3n en la entrepierna. Cuello redondo con dos botones a presi\u00f3n sobre un hombro. Acabado de canal\u00e9 en el cuello y los bajos.<\/p>\n<p><strong>Composici\u00f3n:<\/strong> 100 % algod\u00f3n.<br \/>\n<strong>Talla<\/strong>: nueve meses.<\/p>\n<p><strong>Talla<\/strong>: nueve meses.<\/p>\n","protected":false},"featured_media":1619,"template":"","meta":{"ocean_post_layout":"","ocean_both_sidebars_style":"","ocean_both_sidebars_content_width":0,"ocean_both_sidebars_sidebars_width":0,"ocean_sidebar":"0","ocean_second_sidebar":"0","ocean_disable_margins":"enable","ocean_add_body_class":"","ocean_shortcode_before_top_bar":"","ocean_shortcode_after_top_bar":"","ocean_shortcode_before_header":"","ocean_shortcode_after_header":"","ocean_has_shortcode":"","ocean_shortcode_after_title":"","ocean_shortcode_before_footer_widgets":"","ocean_shortcode_after_footer_widgets":"","ocean_shortcode_before_footer_bottom":"","ocean_shortcode_after_footer_bottom":"","ocean_display_top_bar":"default","ocean_display_header":"default","ocean_header_style":"","ocean_center_header_left_menu":"0","ocean_custom_header_template":"0","ocean_custom_logo":0,"ocean_custom_retina_logo":0,"ocean_custom_logo_max_width":0,"ocean_custom_logo_tablet_max_width":0,"ocean_custom_logo_mobile_max_width":0,"ocean_custom_logo_max_height":0,"ocean_custom_logo_tablet_max_height":0,"ocean_custom_logo_mobile_max_height":0,"ocean_header_custom_menu":"0","ocean_menu_typo_font_family":"0","ocean_menu_typo_font_subset":"","ocean_menu_typo_font_size":0,"ocean_menu_typo_font_size_tablet":0,"ocean_menu_typo_font_size_mobile":0,"ocean_menu_typo_font_size_unit":"px","ocean_menu_typo_font_weight":"","ocean_menu_typo_font_weight_tablet":"","ocean_menu_typo_font_weight_mobile":"","ocean_menu_typo_transform":"","ocean_menu_typo_transform_tablet":"","ocean_menu_typo_transform_mobile":"","ocean_menu_typo_line_height":0,"ocean_menu_typo_line_height_tablet":0,"ocean_menu_typo_line_height_mobile":0,"ocean_menu_typo_line_height_unit":"","ocean_menu_typo_spacing":0,"ocean_menu_typo_spacing_tablet":0,"ocean_menu_typo_spacing_mobile":0,"ocean_menu_typo_spacing_unit":"","ocean_menu_link_color":"","ocean_menu_link_color_hover":"","ocean_menu_link_color_active":"","ocean_menu_link_background":"","ocean_menu_link_hover_background":"","ocean_menu_link_active_background":"","ocean_menu_social_links_bg":"","ocean_menu_social_hover_links_bg":"","ocean_menu_social_links_color":"","ocean_menu_social_hover_links_color":"","ocean_disable_title":"default","ocean_disable_heading":"default","ocean_post_title":"","ocean_post_subheading":"","ocean_post_title_style":"","ocean_post_title_background_color":"","ocean_post_title_background":0,"ocean_post_title_bg_image_position":"","ocean_post_title_bg_image_attachment":"","ocean_post_title_bg_image_repeat":"","ocean_post_title_bg_image_size":"","ocean_post_title_height":0,"ocean_post_title_bg_overlay":0.5,"ocean_post_title_bg_overlay_color":"","ocean_disable_breadcrumbs":"default","ocean_breadcrumbs_color":"","ocean_breadcrumbs_separator_color":"","ocean_breadcrumbs_links_color":"","ocean_breadcrumbs_links_hover_color":"","ocean_display_footer_widgets":"default","ocean_display_footer_bottom":"default","ocean_custom_footer_template":"0"},"product_brand":[],"product_cat":[62,61],"product_tag":[],"class_list":{"0":"post-1721","1":"product","2":"type-product","3":"status-publish","4":"has-post-thumbnail","6":"product_cat-kids-es","7":"product_cat-textil-es","9":"entry","10":"has-media","12":"first","13":"instock","14":"shipping-taxable","15":"purchasable","16":"product-type-variable","17":"col","18":"span_1_of_4","19":"owp-content-left","20":"item-entry","21":"owp-thumbs-layout-horizontal","22":"owp-btn-normal","23":"owp-tabs-layout-horizontal"},"yoast_head":"<!-- This site is optimized with the Yoast SEO plugin v27.2 - https:\/\/yoast.com\/product\/yoast-seo-wordpress\/ -->\n<title>Body para beb\u00e9s - UOC shop<\/title>\n<meta name=\"robots\" content=\"index, follow, max-snippet:-1, max-image-preview:large, max-video-preview:-1\" \/>\n<link rel=\"canonical\" href=\"https:\/\/www.uocshop.com\/es\/producte\/bodi-bebe-la-uoc\/\" \/>\n<meta property=\"og:locale\" content=\"es_ES\" \/>\n<meta property=\"og:type\" content=\"article\" \/>\n<meta property=\"og:title\" content=\"Body para beb\u00e9s - UOC shop\" \/>\n<meta property=\"og:description\" content=\"Bodi para beb\u00e9s de nueve meses con dise\u00f1o exclusivo de la UOC. Ligero, adaptable y extremadamente c\u00f3modo. Cierre con tres botones de presi\u00f3n en la entrepierna. Cuello redondo con dos botones a presi\u00f3n sobre un hombro. Acabado de canal\u00e9 en el cuello y los bajos.  Composici\u00f3n: 100 % algod\u00f3n. Talla: nueve meses.  Talla: nueve meses.\" \/>\n<meta property=\"og:url\" content=\"https:\/\/www.uocshop.com\/es\/producte\/bodi-bebe-la-uoc\/\" \/>\n<meta property=\"og:site_name\" content=\"UOC shop\" \/>\n<meta property=\"article:modified_time\" content=\"2025-02-11T08:04:02+00:00\" \/>\n<meta property=\"og:image\" content=\"http:\/\/www.uocshop.com\/wp-content\/uploads\/2023\/07\/body-bebe-UOC-1.png\" \/>\n\t<meta property=\"og:image:width\" content=\"1080\" \/>\n\t<meta property=\"og:image:height\" content=\"1080\" \/>\n\t<meta property=\"og:image:type\" content=\"image\/png\" \/>\n<meta name=\"twitter:card\" content=\"summary_large_image\" \/>\n<meta name=\"twitter:label1\" content=\"Tiempo de lectura\" \/>\n\t<meta name=\"twitter:data1\" content=\"1 minuto\" \/>\n<script type=\"application\/ld+json\" class=\"yoast-schema-graph\">{\"@context\":\"https:\/\/schema.org\",\"@graph\":[{\"@type\":\"WebPage\",\"@id\":\"https:\/\/www.uocshop.com\/es\/producte\/bodi-bebe-la-uoc\/\",\"url\":\"https:\/\/www.uocshop.com\/es\/producte\/bodi-bebe-la-uoc\/\",\"name\":\"Body para beb\u00e9s - UOC shop\",\"isPartOf\":{\"@id\":\"https:\/\/www.uocshop.com\/es\/#website\"},\"primaryImageOfPage\":{\"@id\":\"https:\/\/www.uocshop.com\/es\/producte\/bodi-bebe-la-uoc\/#primaryimage\"},\"image\":{\"@id\":\"https:\/\/www.uocshop.com\/es\/producte\/bodi-bebe-la-uoc\/#primaryimage\"},\"thumbnailUrl\":\"https:\/\/www.uocshop.com\/wp-content\/uploads\/2023\/07\/body-bebe-UOC-1.png\",\"datePublished\":\"2023-07-12T10:38:06+00:00\",\"dateModified\":\"2025-02-11T08:04:02+00:00\",\"breadcrumb\":{\"@id\":\"https:\/\/www.uocshop.com\/es\/producte\/bodi-bebe-la-uoc\/#breadcrumb\"},\"inLanguage\":\"es\",\"potentialAction\":[{\"@type\":\"ReadAction\",\"target\":[\"https:\/\/www.uocshop.com\/es\/producte\/bodi-bebe-la-uoc\/\"]}]},{\"@type\":\"ImageObject\",\"inLanguage\":\"es\",\"@id\":\"https:\/\/www.uocshop.com\/es\/producte\/bodi-bebe-la-uoc\/#primaryimage\",\"url\":\"https:\/\/www.uocshop.com\/wp-content\/uploads\/2023\/07\/body-bebe-UOC-1.png\",\"contentUrl\":\"https:\/\/www.uocshop.com\/wp-content\/uploads\/2023\/07\/body-bebe-UOC-1.png\",\"width\":1080,\"height\":1080},{\"@type\":\"BreadcrumbList\",\"@id\":\"https:\/\/www.uocshop.com\/es\/producte\/bodi-bebe-la-uoc\/#breadcrumb\",\"itemListElement\":[{\"@type\":\"ListItem\",\"position\":1,\"name\":\"Inici\",\"item\":\"https:\/\/www.uocshop.com\/es\/\"},{\"@type\":\"ListItem\",\"position\":2,\"name\":\"Tienda\",\"item\":\"https:\/\/www.uocshop.com\/es\/tienda-2\/\"},{\"@type\":\"ListItem\",\"position\":3,\"name\":\"Body para beb\u00e9s\"}]},{\"@type\":\"WebSite\",\"@id\":\"https:\/\/www.uocshop.com\/es\/#website\",\"url\":\"https:\/\/www.uocshop.com\/es\/\",\"name\":\"UOC shop\",\"description\":\"La botiga de la UOC\",\"publisher\":{\"@id\":\"https:\/\/www.uocshop.com\/es\/#organization\"},\"potentialAction\":[{\"@type\":\"SearchAction\",\"target\":{\"@type\":\"EntryPoint\",\"urlTemplate\":\"https:\/\/www.uocshop.com\/es\/?s={search_term_string}\"},\"query-input\":{\"@type\":\"PropertyValueSpecification\",\"valueRequired\":true,\"valueName\":\"search_term_string\"}}],\"inLanguage\":\"es\"},{\"@type\":\"Organization\",\"@id\":\"https:\/\/www.uocshop.com\/es\/#organization\",\"name\":\"UOC shop\",\"url\":\"https:\/\/www.uocshop.com\/es\/\",\"logo\":{\"@type\":\"ImageObject\",\"inLanguage\":\"es\",\"@id\":\"https:\/\/www.uocshop.com\/es\/#\/schema\/logo\/image\/\",\"url\":\"https:\/\/www.uocshop.com\/wp-content\/uploads\/2023\/05\/uoc_masterbrand_2linies_posititiu.png\",\"contentUrl\":\"https:\/\/www.uocshop.com\/wp-content\/uploads\/2023\/05\/uoc_masterbrand_2linies_posititiu.png\",\"width\":1394,\"height\":360,\"caption\":\"UOC shop\"},\"image\":{\"@id\":\"https:\/\/www.uocshop.com\/es\/#\/schema\/logo\/image\/\"}}]}<\/script>\n<!-- \/ Yoast SEO plugin. -->","yoast_head_json":{"title":"Body para beb\u00e9s - UOC shop","robots":{"index":"index","follow":"follow","max-snippet":"max-snippet:-1","max-image-preview":"max-image-preview:large","max-video-preview":"max-video-preview:-1"},"canonical":"https:\/\/www.uocshop.com\/es\/producte\/bodi-bebe-la-uoc\/","og_locale":"es_ES","og_type":"article","og_title":"Body para beb\u00e9s - UOC shop","og_description":"Bodi para beb\u00e9s de nueve meses con dise\u00f1o exclusivo de la UOC. Ligero, adaptable y extremadamente c\u00f3modo. Cierre con tres botones de presi\u00f3n en la entrepierna. Cuello redondo con dos botones a presi\u00f3n sobre un hombro. Acabado de canal\u00e9 en el cuello y los bajos.  Composici\u00f3n: 100 % algod\u00f3n. Talla: nueve meses.  Talla: nueve meses.","og_url":"https:\/\/www.uocshop.com\/es\/producte\/bodi-bebe-la-uoc\/","og_site_name":"UOC shop","article_modified_time":"2025-02-11T08:04:02+00:00","og_image":[{"width":1080,"height":1080,"url":"http:\/\/www.uocshop.com\/wp-content\/uploads\/2023\/07\/body-bebe-UOC-1.png","type":"image\/png"}],"twitter_card":"summary_large_image","twitter_misc":{"Tiempo de lectura":"1 minuto"},"schema":{"@context":"https:\/\/schema.org","@graph":[{"@type":"WebPage","@id":"https:\/\/www.uocshop.com\/es\/producte\/bodi-bebe-la-uoc\/","url":"https:\/\/www.uocshop.com\/es\/producte\/bodi-bebe-la-uoc\/","name":"Body para beb\u00e9s - UOC shop","isPartOf":{"@id":"https:\/\/www.uocshop.com\/es\/#website"},"primaryImageOfPage":{"@id":"https:\/\/www.uocshop.com\/es\/producte\/bodi-bebe-la-uoc\/#primaryimage"},"image":{"@id":"https:\/\/www.uocshop.com\/es\/producte\/bodi-bebe-la-uoc\/#primaryimage"},"thumbnailUrl":"https:\/\/www.uocshop.com\/wp-content\/uploads\/2023\/07\/body-bebe-UOC-1.png","datePublished":"2023-07-12T10:38:06+00:00","dateModified":"2025-02-11T08:04:02+00:00","breadcrumb":{"@id":"https:\/\/www.uocshop.com\/es\/producte\/bodi-bebe-la-uoc\/#breadcrumb"},"inLanguage":"es","potentialAction":[{"@type":"ReadAction","target":["https:\/\/www.uocshop.com\/es\/producte\/bodi-bebe-la-uoc\/"]}]},{"@type":"ImageObject","inLanguage":"es","@id":"https:\/\/www.uocshop.com\/es\/producte\/bodi-bebe-la-uoc\/#primaryimage","url":"https:\/\/www.uocshop.com\/wp-content\/uploads\/2023\/07\/body-bebe-UOC-1.png","contentUrl":"https:\/\/www.uocshop.com\/wp-content\/uploads\/2023\/07\/body-bebe-UOC-1.png","width":1080,"height":1080},{"@type":"BreadcrumbList","@id":"https:\/\/www.uocshop.com\/es\/producte\/bodi-bebe-la-uoc\/#breadcrumb","itemListElement":[{"@type":"ListItem","position":1,"name":"Inici","item":"https:\/\/www.uocshop.com\/es\/"},{"@type":"ListItem","position":2,"name":"Tienda","item":"https:\/\/www.uocshop.com\/es\/tienda-2\/"},{"@type":"ListItem","position":3,"name":"Body para beb\u00e9s"}]},{"@type":"WebSite","@id":"https:\/\/www.uocshop.com\/es\/#website","url":"https:\/\/www.uocshop.com\/es\/","name":"UOC shop","description":"La botiga de la UOC","publisher":{"@id":"https:\/\/www.uocshop.com\/es\/#organization"},"potentialAction":[{"@type":"SearchAction","target":{"@type":"EntryPoint","urlTemplate":"https:\/\/www.uocshop.com\/es\/?s={search_term_string}"},"query-input":{"@type":"PropertyValueSpecification","valueRequired":true,"valueName":"search_term_string"}}],"inLanguage":"es"},{"@type":"Organization","@id":"https:\/\/www.uocshop.com\/es\/#organization","name":"UOC shop","url":"https:\/\/www.uocshop.com\/es\/","logo":{"@type":"ImageObject","inLanguage":"es","@id":"https:\/\/www.uocshop.com\/es\/#\/schema\/logo\/image\/","url":"https:\/\/www.uocshop.com\/wp-content\/uploads\/2023\/05\/uoc_masterbrand_2linies_posititiu.png","contentUrl":"https:\/\/www.uocshop.com\/wp-content\/uploads\/2023\/05\/uoc_masterbrand_2linies_posititiu.png","width":1394,"height":360,"caption":"UOC shop"},"image":{"@id":"https:\/\/www.uocshop.com\/es\/#\/schema\/logo\/image\/"}}]}},"_links":{"self":[{"href":"https:\/\/www.uocshop.com\/es\/wp-json\/wp\/v2\/product\/1721","targetHints":{"allow":["GET"]}}],"collection":[{"href":"https:\/\/www.uocshop.com\/es\/wp-json\/wp\/v2\/product"}],"about":[{"href":"https:\/\/www.uocshop.com\/es\/wp-json\/wp\/v2\/types\/product"}],"version-history":[{"count":6,"href":"https:\/\/www.uocshop.com\/es\/wp-json\/wp\/v2\/product\/1721\/revisions"}],"predecessor-version":[{"id":3149,"href":"https:\/\/www.uocshop.com\/es\/wp-json\/wp\/v2\/product\/1721\/revisions\/3149"}],"wp:featuredmedia":[{"embeddable":true,"href":"https:\/\/www.uocshop.com\/es\/wp-json\/wp\/v2\/media\/1619"}],"wp:attachment":[{"href":"https:\/\/www.uocshop.com\/es\/wp-json\/wp\/v2\/media?parent=1721"}],"wp:term":[{"taxonomy":"product_brand","embeddable":true,"href":"https:\/\/www.uocshop.com\/es\/wp-json\/wp\/v2\/product_brand?post=1721"},{"taxonomy":"product_cat","embeddable":true,"href":"https:\/\/www.uocshop.com\/es\/wp-json\/wp\/v2\/product_cat?post=1721"},{"taxonomy":"product_tag","embeddable":true,"href":"https:\/\/www.uocshop.com\/es\/wp-json\/wp\/v2\/product_tag?post=1721"}],"curies":[{"name":"wp","href":"https:\/\/api.w.org\/{rel}","templated":true}]}}