{"id":1760,"date":"2023-07-12T10:47:02","date_gmt":"2023-07-12T10:47:02","guid":{"rendered":"https:\/\/www.uocshop.com\/producte\/boligrafo-suave-de-la-uoc\/"},"modified":"2024-02-05T10:50:13","modified_gmt":"2024-02-05T10:50:13","slug":"boli-suave-uoc","status":"publish","type":"product","link":"https:\/\/www.uocshop.com\/es\/producte\/boli-suave-uoc\/","title":{"rendered":"Bol\u00edgrafo suave de la UOC"},"content":{"rendered":"<p>Bol\u00edgrafo \u00fanico distinguido por la forma exclusiva de diamante con el logotipo de la UOC en el clip. Acabado con un tacto suave para mayor comodidad de escritura. Recambio de <strong>tinta azul<\/strong> alemana Dokumental\u00ae con bola TC para una escritura ultrasuave.<\/p>\n<p><strong>Material:<\/strong> pl\u00e1stico.<br \/>\n<strong>Dimensiones:<\/strong> \u00d8 1 \u00d7 14 cm.<\/p>\n","protected":false},"excerpt":{"rendered":"<p>Bol\u00edgrafo \u00fanico distinguido por la forma exclusiva de diamante con el logotipo de la UOC en el clip. Acabado con un tacto suave para mayor comodidad de escritura. Recambio de <strong>tinta azul<\/strong> alemana Dokumental\u00ae con bola TC para una escritura ultrasuave.<\/p>\n<p><strong>Material:<\/strong> pl\u00e1stico.<br \/>\n<strong>Dimensiones:<\/strong> \u00d8 1 \u00d7 14 cm.<\/p>\n","protected":false},"featured_media":1624,"template":"","meta":{"ocean_post_layout":"","ocean_both_sidebars_style":"","ocean_both_sidebars_content_width":0,"ocean_both_sidebars_sidebars_width":0,"ocean_sidebar":"0","ocean_second_sidebar":"0","ocean_disable_margins":"enable","ocean_add_body_class":"","ocean_shortcode_before_top_bar":"","ocean_shortcode_after_top_bar":"","ocean_shortcode_before_header":"","ocean_shortcode_after_header":"","ocean_has_shortcode":"","ocean_shortcode_after_title":"","ocean_shortcode_before_footer_widgets":"","ocean_shortcode_after_footer_widgets":"","ocean_shortcode_before_footer_bottom":"","ocean_shortcode_after_footer_bottom":"","ocean_display_top_bar":"default","ocean_display_header":"default","ocean_header_style":"","ocean_center_header_left_menu":"0","ocean_custom_header_template":"0","ocean_custom_logo":0,"ocean_custom_retina_logo":0,"ocean_custom_logo_max_width":0,"ocean_custom_logo_tablet_max_width":0,"ocean_custom_logo_mobile_max_width":0,"ocean_custom_logo_max_height":0,"ocean_custom_logo_tablet_max_height":0,"ocean_custom_logo_mobile_max_height":0,"ocean_header_custom_menu":"0","ocean_menu_typo_font_family":"0","ocean_menu_typo_font_subset":"","ocean_menu_typo_font_size":0,"ocean_menu_typo_font_size_tablet":0,"ocean_menu_typo_font_size_mobile":0,"ocean_menu_typo_font_size_unit":"px","ocean_menu_typo_font_weight":"","ocean_menu_typo_font_weight_tablet":"","ocean_menu_typo_font_weight_mobile":"","ocean_menu_typo_transform":"","ocean_menu_typo_transform_tablet":"","ocean_menu_typo_transform_mobile":"","ocean_menu_typo_line_height":0,"ocean_menu_typo_line_height_tablet":0,"ocean_menu_typo_line_height_mobile":0,"ocean_menu_typo_line_height_unit":"","ocean_menu_typo_spacing":0,"ocean_menu_typo_spacing_tablet":0,"ocean_menu_typo_spacing_mobile":0,"ocean_menu_typo_spacing_unit":"","ocean_menu_link_color":"","ocean_menu_link_color_hover":"","ocean_menu_link_color_active":"","ocean_menu_link_background":"","ocean_menu_link_hover_background":"","ocean_menu_link_active_background":"","ocean_menu_social_links_bg":"","ocean_menu_social_hover_links_bg":"","ocean_menu_social_links_color":"","ocean_menu_social_hover_links_color":"","ocean_disable_title":"default","ocean_disable_heading":"default","ocean_post_title":"","ocean_post_subheading":"","ocean_post_title_style":"","ocean_post_title_background_color":"","ocean_post_title_background":0,"ocean_post_title_bg_image_position":"","ocean_post_title_bg_image_attachment":"","ocean_post_title_bg_image_repeat":"","ocean_post_title_bg_image_size":"","ocean_post_title_height":0,"ocean_post_title_bg_overlay":0.5,"ocean_post_title_bg_overlay_color":"","ocean_disable_breadcrumbs":"default","ocean_breadcrumbs_color":"","ocean_breadcrumbs_separator_color":"","ocean_breadcrumbs_links_color":"","ocean_breadcrumbs_links_hover_color":"","ocean_display_footer_widgets":"default","ocean_display_footer_bottom":"default","ocean_custom_footer_template":"0"},"product_brand":[],"product_cat":[74],"product_tag":[],"class_list":{"0":"post-1760","1":"product","2":"type-product","3":"status-publish","4":"has-post-thumbnail","6":"product_cat-papeleria","8":"entry","9":"has-media","11":"first","12":"instock","13":"shipping-taxable","14":"purchasable","15":"product-type-simple","16":"col","17":"span_1_of_4","18":"owp-content-left","19":"item-entry","20":"owp-thumbs-layout-horizontal","21":"owp-btn-normal","22":"owp-tabs-layout-horizontal","23":"has-no-thumbnails"},"yoast_head":"<!-- This site is optimized with the Yoast SEO plugin v27.2 - https:\/\/yoast.com\/product\/yoast-seo-wordpress\/ -->\n<title>Bol\u00edgrafo suave de la UOC - UOC shop<\/title>\n<meta name=\"robots\" content=\"index, follow, max-snippet:-1, max-image-preview:large, max-video-preview:-1\" \/>\n<link rel=\"canonical\" href=\"https:\/\/www.uocshop.com\/es\/producte\/boli-suave-uoc\/\" \/>\n<meta property=\"og:locale\" content=\"es_ES\" \/>\n<meta property=\"og:type\" content=\"article\" \/>\n<meta property=\"og:title\" content=\"Bol\u00edgrafo suave de la UOC - UOC shop\" \/>\n<meta property=\"og:description\" content=\"Bol\u00edgrafo \u00fanico distinguido por la forma exclusiva de diamante con el logotipo de la UOC en el clip. Acabado con un tacto suave para mayor comodidad de escritura. Recambio de tinta azul alemana Dokumental\u00ae con bola TC para una escritura ultrasuave. Material: pl\u00e1stico. Dimensiones: \u00d8 1 \u00d7 14 cm.\" \/>\n<meta property=\"og:url\" content=\"https:\/\/www.uocshop.com\/es\/producte\/boli-suave-uoc\/\" \/>\n<meta property=\"og:site_name\" content=\"UOC shop\" \/>\n<meta property=\"article:modified_time\" content=\"2024-02-05T10:50:13+00:00\" \/>\n<meta property=\"og:image\" content=\"https:\/\/www.uocshop.com\/wp-content\/uploads\/2023\/07\/BOLI-SUAU-UOC-1.png\" \/>\n\t<meta property=\"og:image:width\" content=\"1080\" \/>\n\t<meta property=\"og:image:height\" content=\"1080\" \/>\n\t<meta property=\"og:image:type\" content=\"image\/png\" \/>\n<meta name=\"twitter:card\" content=\"summary_large_image\" \/>\n<script type=\"application\/ld+json\" class=\"yoast-schema-graph\">{\"@context\":\"https:\/\/schema.org\",\"@graph\":[{\"@type\":\"WebPage\",\"@id\":\"https:\/\/www.uocshop.com\/es\/producte\/boli-suave-uoc\/\",\"url\":\"https:\/\/www.uocshop.com\/es\/producte\/boli-suave-uoc\/\",\"name\":\"Bol\u00edgrafo suave de la UOC - UOC shop\",\"isPartOf\":{\"@id\":\"https:\/\/www.uocshop.com\/es\/#website\"},\"primaryImageOfPage\":{\"@id\":\"https:\/\/www.uocshop.com\/es\/producte\/boli-suave-uoc\/#primaryimage\"},\"image\":{\"@id\":\"https:\/\/www.uocshop.com\/es\/producte\/boli-suave-uoc\/#primaryimage\"},\"thumbnailUrl\":\"https:\/\/www.uocshop.com\/wp-content\/uploads\/2023\/07\/BOLI-SUAU-UOC-1.png\",\"datePublished\":\"2023-07-12T10:47:02+00:00\",\"dateModified\":\"2024-02-05T10:50:13+00:00\",\"breadcrumb\":{\"@id\":\"https:\/\/www.uocshop.com\/es\/producte\/boli-suave-uoc\/#breadcrumb\"},\"inLanguage\":\"es\",\"potentialAction\":[{\"@type\":\"ReadAction\",\"target\":[\"https:\/\/www.uocshop.com\/es\/producte\/boli-suave-uoc\/\"]}]},{\"@type\":\"ImageObject\",\"inLanguage\":\"es\",\"@id\":\"https:\/\/www.uocshop.com\/es\/producte\/boli-suave-uoc\/#primaryimage\",\"url\":\"https:\/\/www.uocshop.com\/wp-content\/uploads\/2023\/07\/BOLI-SUAU-UOC-1.png\",\"contentUrl\":\"https:\/\/www.uocshop.com\/wp-content\/uploads\/2023\/07\/BOLI-SUAU-UOC-1.png\",\"width\":1080,\"height\":1080},{\"@type\":\"BreadcrumbList\",\"@id\":\"https:\/\/www.uocshop.com\/es\/producte\/boli-suave-uoc\/#breadcrumb\",\"itemListElement\":[{\"@type\":\"ListItem\",\"position\":1,\"name\":\"Inici\",\"item\":\"https:\/\/www.uocshop.com\/es\/\"},{\"@type\":\"ListItem\",\"position\":2,\"name\":\"Tienda\",\"item\":\"https:\/\/www.uocshop.com\/es\/tienda-2\/\"},{\"@type\":\"ListItem\",\"position\":3,\"name\":\"Bol\u00edgrafo suave de la UOC\"}]},{\"@type\":\"WebSite\",\"@id\":\"https:\/\/www.uocshop.com\/es\/#website\",\"url\":\"https:\/\/www.uocshop.com\/es\/\",\"name\":\"UOC shop\",\"description\":\"La botiga de la UOC\",\"publisher\":{\"@id\":\"https:\/\/www.uocshop.com\/es\/#organization\"},\"potentialAction\":[{\"@type\":\"SearchAction\",\"target\":{\"@type\":\"EntryPoint\",\"urlTemplate\":\"https:\/\/www.uocshop.com\/es\/?s={search_term_string}\"},\"query-input\":{\"@type\":\"PropertyValueSpecification\",\"valueRequired\":true,\"valueName\":\"search_term_string\"}}],\"inLanguage\":\"es\"},{\"@type\":\"Organization\",\"@id\":\"https:\/\/www.uocshop.com\/es\/#organization\",\"name\":\"UOC shop\",\"url\":\"https:\/\/www.uocshop.com\/es\/\",\"logo\":{\"@type\":\"ImageObject\",\"inLanguage\":\"es\",\"@id\":\"https:\/\/www.uocshop.com\/es\/#\/schema\/logo\/image\/\",\"url\":\"https:\/\/www.uocshop.com\/wp-content\/uploads\/2023\/05\/uoc_masterbrand_2linies_posititiu.png\",\"contentUrl\":\"https:\/\/www.uocshop.com\/wp-content\/uploads\/2023\/05\/uoc_masterbrand_2linies_posititiu.png\",\"width\":1394,\"height\":360,\"caption\":\"UOC shop\"},\"image\":{\"@id\":\"https:\/\/www.uocshop.com\/es\/#\/schema\/logo\/image\/\"}}]}<\/script>\n<!-- \/ Yoast SEO plugin. -->","yoast_head_json":{"title":"Bol\u00edgrafo suave de la UOC - UOC shop","robots":{"index":"index","follow":"follow","max-snippet":"max-snippet:-1","max-image-preview":"max-image-preview:large","max-video-preview":"max-video-preview:-1"},"canonical":"https:\/\/www.uocshop.com\/es\/producte\/boli-suave-uoc\/","og_locale":"es_ES","og_type":"article","og_title":"Bol\u00edgrafo suave de la UOC - UOC shop","og_description":"Bol\u00edgrafo \u00fanico distinguido por la forma exclusiva de diamante con el logotipo de la UOC en el clip. Acabado con un tacto suave para mayor comodidad de escritura. Recambio de tinta azul alemana Dokumental\u00ae con bola TC para una escritura ultrasuave. Material: pl\u00e1stico. Dimensiones: \u00d8 1 \u00d7 14 cm.","og_url":"https:\/\/www.uocshop.com\/es\/producte\/boli-suave-uoc\/","og_site_name":"UOC shop","article_modified_time":"2024-02-05T10:50:13+00:00","og_image":[{"width":1080,"height":1080,"url":"https:\/\/www.uocshop.com\/wp-content\/uploads\/2023\/07\/BOLI-SUAU-UOC-1.png","type":"image\/png"}],"twitter_card":"summary_large_image","schema":{"@context":"https:\/\/schema.org","@graph":[{"@type":"WebPage","@id":"https:\/\/www.uocshop.com\/es\/producte\/boli-suave-uoc\/","url":"https:\/\/www.uocshop.com\/es\/producte\/boli-suave-uoc\/","name":"Bol\u00edgrafo suave de la UOC - UOC shop","isPartOf":{"@id":"https:\/\/www.uocshop.com\/es\/#website"},"primaryImageOfPage":{"@id":"https:\/\/www.uocshop.com\/es\/producte\/boli-suave-uoc\/#primaryimage"},"image":{"@id":"https:\/\/www.uocshop.com\/es\/producte\/boli-suave-uoc\/#primaryimage"},"thumbnailUrl":"https:\/\/www.uocshop.com\/wp-content\/uploads\/2023\/07\/BOLI-SUAU-UOC-1.png","datePublished":"2023-07-12T10:47:02+00:00","dateModified":"2024-02-05T10:50:13+00:00","breadcrumb":{"@id":"https:\/\/www.uocshop.com\/es\/producte\/boli-suave-uoc\/#breadcrumb"},"inLanguage":"es","potentialAction":[{"@type":"ReadAction","target":["https:\/\/www.uocshop.com\/es\/producte\/boli-suave-uoc\/"]}]},{"@type":"ImageObject","inLanguage":"es","@id":"https:\/\/www.uocshop.com\/es\/producte\/boli-suave-uoc\/#primaryimage","url":"https:\/\/www.uocshop.com\/wp-content\/uploads\/2023\/07\/BOLI-SUAU-UOC-1.png","contentUrl":"https:\/\/www.uocshop.com\/wp-content\/uploads\/2023\/07\/BOLI-SUAU-UOC-1.png","width":1080,"height":1080},{"@type":"BreadcrumbList","@id":"https:\/\/www.uocshop.com\/es\/producte\/boli-suave-uoc\/#breadcrumb","itemListElement":[{"@type":"ListItem","position":1,"name":"Inici","item":"https:\/\/www.uocshop.com\/es\/"},{"@type":"ListItem","position":2,"name":"Tienda","item":"https:\/\/www.uocshop.com\/es\/tienda-2\/"},{"@type":"ListItem","position":3,"name":"Bol\u00edgrafo suave de la UOC"}]},{"@type":"WebSite","@id":"https:\/\/www.uocshop.com\/es\/#website","url":"https:\/\/www.uocshop.com\/es\/","name":"UOC shop","description":"La botiga de la UOC","publisher":{"@id":"https:\/\/www.uocshop.com\/es\/#organization"},"potentialAction":[{"@type":"SearchAction","target":{"@type":"EntryPoint","urlTemplate":"https:\/\/www.uocshop.com\/es\/?s={search_term_string}"},"query-input":{"@type":"PropertyValueSpecification","valueRequired":true,"valueName":"search_term_string"}}],"inLanguage":"es"},{"@type":"Organization","@id":"https:\/\/www.uocshop.com\/es\/#organization","name":"UOC shop","url":"https:\/\/www.uocshop.com\/es\/","logo":{"@type":"ImageObject","inLanguage":"es","@id":"https:\/\/www.uocshop.com\/es\/#\/schema\/logo\/image\/","url":"https:\/\/www.uocshop.com\/wp-content\/uploads\/2023\/05\/uoc_masterbrand_2linies_posititiu.png","contentUrl":"https:\/\/www.uocshop.com\/wp-content\/uploads\/2023\/05\/uoc_masterbrand_2linies_posititiu.png","width":1394,"height":360,"caption":"UOC shop"},"image":{"@id":"https:\/\/www.uocshop.com\/es\/#\/schema\/logo\/image\/"}}]}},"_links":{"self":[{"href":"https:\/\/www.uocshop.com\/es\/wp-json\/wp\/v2\/product\/1760","targetHints":{"allow":["GET"]}}],"collection":[{"href":"https:\/\/www.uocshop.com\/es\/wp-json\/wp\/v2\/product"}],"about":[{"href":"https:\/\/www.uocshop.com\/es\/wp-json\/wp\/v2\/types\/product"}],"version-history":[{"count":2,"href":"https:\/\/www.uocshop.com\/es\/wp-json\/wp\/v2\/product\/1760\/revisions"}],"predecessor-version":[{"id":2807,"href":"https:\/\/www.uocshop.com\/es\/wp-json\/wp\/v2\/product\/1760\/revisions\/2807"}],"wp:featuredmedia":[{"embeddable":true,"href":"https:\/\/www.uocshop.com\/es\/wp-json\/wp\/v2\/media\/1624"}],"wp:attachment":[{"href":"https:\/\/www.uocshop.com\/es\/wp-json\/wp\/v2\/media?parent=1760"}],"wp:term":[{"taxonomy":"product_brand","embeddable":true,"href":"https:\/\/www.uocshop.com\/es\/wp-json\/wp\/v2\/product_brand?post=1760"},{"taxonomy":"product_cat","embeddable":true,"href":"https:\/\/www.uocshop.com\/es\/wp-json\/wp\/v2\/product_cat?post=1760"},{"taxonomy":"product_tag","embeddable":true,"href":"https:\/\/www.uocshop.com\/es\/wp-json\/wp\/v2\/product_tag?post=1760"}],"curies":[{"name":"wp","href":"https:\/\/api.w.org\/{rel}","templated":true}]}}